{"id":8754,"date":"2016-03-14T14:33:38","date_gmt":"2016-03-14T14:33:38","guid":{"rendered":"http:\/\/brooklyn.fatmoon.kinsta.com\/?page_id=2"},"modified":"2026-04-01T16:43:38","modified_gmt":"2026-04-01T16:43:38","slug":"home","status":"publish","type":"page","link":"https:\/\/www.lamm-enderbach.de\/startseite\/","title":{"rendered":"Startseite"},"content":{"rendered":"\n<p class=\"has-text-align-center has-medium-font-size\"><strong>Liebe G\u00e4ste, <\/strong><\/p>\n\n\n\n<p class=\"has-text-align-center has-medium-font-size\">wir freuen uns, Sie bei uns begr\u00fc\u00dfen zu d\u00fcrfen!<\/p>\n\n\n\n<p class=\"has-text-align-center has-medium-font-size\"><strong>Aktionen 2026<\/strong><\/p>\n\n\n\n<p class=\"has-text-align-center has-medium-font-size\">Ostersonntag, 5. April 2026 und Ostermontag, 6. April 2026 Osterlamm<\/p>\n\n\n\n<p class=\"has-text-align-center has-medium-font-size\">Am Sonntag, 26. April Mittags voll belegt, Gastraum und H\u00fctte<\/p>\n\n\n\n<p class=\"has-text-align-center has-medium-font-size\">Am Samstag, 9. Mai 2026 d\u00fcrfen wir die Blosbagasch bei uns begr\u00fc\u00dfen!<\/p>\n\n\n\n<p class=\"has-text-align-center has-medium-font-size\">Am Freitag, den 12. Juni 2026 spielen die 7 Takter bei uns im Lamm!<\/p>\n\n\n\n<p class=\"has-text-align-center has-medium-font-size\">Am Samstag, den 27. Juni bekommen wir Besuch von Otto und seinen Freunden.<\/p>\n\n\n\n<p class=\"has-text-align-center has-medium-font-size\">Am Donnerstag, den 30. Juli 2026 d\u00fcrfen wir ebenfalls die Blosbagasch zu einem Sommerkonzert begr\u00fc\u00dfen!<\/p>\n\n\n\n<p class=\"has-text-align-center has-medium-font-size\">Damit es auch in der kalten Jahreszeit nicht langweilig wird, besucht uns die Blosbagasch auch am Samstag, den 21. November 2026 und unterh\u00e4lt uns mit ihrer Musik!<\/p>\n\n\n\n<p class=\"has-text-align-center has-medium-font-size\"><strong>Termine<\/strong> <strong>2026<\/strong><\/p>\n\n\n\n<p class=\"has-text-align-center has-medium-font-size\">4. April 2026 geschlossen<\/p>\n\n\n\n<p class=\"has-text-align-center has-medium-font-size\">Urlaub von Donnerstag 21. Mai bis Donnerstag 11. Juni 2026<\/p>\n\n\n\n<p class=\"has-text-align-center has-medium-font-size\">Freitag, 24. Juli 2026 geschlossen<\/p>\n\n\n\n<p class=\"has-text-align-center has-medium-font-size\">Urlaub von Donnerstag, 3. September bis Sonntag 13. September 2026<\/p>\n\n\n\n<p class=\"has-text-align-center has-medium-font-size\">Urlaub von Freitag, 23. Oktober bis Sonntag, 8. November 2026<\/p>\n\n\n\n<p class=\"has-text-align-center has-medium-font-size\">Heiligabend und 1. Weihnachtsfeiertag geschlossen!<\/p>\n\n\n\n<p class=\"has-text-align-center has-medium-font-size\">2. Weihnachtsfeiertag ge\u00f6ffnet <\/p>\n\n\n<div class=\"wp-block-image\">\n<figure class=\"aligncenter\"><img decoding=\"async\" src=\"https:\/\/www.lamm-enderbach.de\/wp-content\/uploads\/2024\/01\/IMG_20190530_092537-1024x768.jpg\" alt=\"\"\/><\/figure>\n<\/div>\n\n\n<p class=\"has-medium-font-size\"><strong>\u00d6ffnungszeiten:<\/strong><\/p>\n\n\n\n<p class=\"has-medium-font-size\"><strong>AB Ende der Sommerferien:<\/strong><\/p>\n\n\n\n<p class=\"has-medium-font-size\">Freitag-Samstag ab 16.00 Uhr<\/p>\n\n\n\n<p class=\"has-medium-font-size\">Sonn-und Feiertag ab 10.00 Uhr<\/p>\n\n\n\n<p class=\"has-medium-font-size\"><strong>AB MAI bis Ende der Sommerferien:<\/strong><\/p>\n\n\n\n<p class=\"has-medium-font-size\">Donnerstag &#8211; Samstag ab 16.00 Uhr<\/p>\n\n\n\n<p class=\"has-medium-font-size\">Sonn-und Feiertag ab 10.00 Uhr<\/p>\n\n\n\n<p class=\"has-medium-font-size\"><strong>Kontaktdaten:<\/strong><\/p>\n\n\n\n<p class=\"has-medium-font-size\">Vorbestellungen \/ Reservierung unter&nbsp;<strong>07172 \/ 3 11 88<\/strong>&nbsp;<\/p>\n\n\n\n<p class=\"has-medium-font-size\"><strong>Kartenzahlung ist bei uns leider nicht m\u00f6glich!<\/strong> <\/p>\n\n\n\n<p class=\"has-medium-font-size\">Hunde sind in unserer Gastst\u00e4tte nicht erlaubt. In der Gartenwirtschaft d\u00fcrfen Sie ihn jedoch gerne mitbringen. <\/p>\n","protected":false},"excerpt":{"rendered":"<p>Liebe G\u00e4ste, wir freuen uns, Sie bei uns begr\u00fc\u00dfen zu d\u00fcrfen! Aktionen 2026 Ostersonntag, 5. April 2026 und Ostermontag, 6. April 2026 Osterlamm Am Sonntag,&hellip;<\/p>\n","protected":false},"author":1,"featured_media":11689,"parent":0,"menu_order":0,"comment_status":"closed","ping_status":"closed","template":"","meta":{"footnotes":""},"class_list":["post-8754","page","type-page","status-publish","has-post-thumbnail","hentry"],"_links":{"self":[{"href":"https:\/\/www.lamm-enderbach.de\/startseite\/wp-json\/wp\/v2\/pages\/8754","targetHints":{"allow":["GET"]}}],"collection":[{"href":"https:\/\/www.lamm-enderbach.de\/startseite\/wp-json\/wp\/v2\/pages"}],"about":[{"href":"https:\/\/www.lamm-enderbach.de\/startseite\/wp-json\/wp\/v2\/types\/page"}],"author":[{"embeddable":true,"href":"https:\/\/www.lamm-enderbach.de\/startseite\/wp-json\/wp\/v2\/users\/1"}],"replies":[{"embeddable":true,"href":"https:\/\/www.lamm-enderbach.de\/startseite\/wp-json\/wp\/v2\/comments?post=8754"}],"version-history":[{"count":41,"href":"https:\/\/www.lamm-enderbach.de\/startseite\/wp-json\/wp\/v2\/pages\/8754\/revisions"}],"predecessor-version":[{"id":11857,"href":"https:\/\/www.lamm-enderbach.de\/startseite\/wp-json\/wp\/v2\/pages\/8754\/revisions\/11857"}],"wp:featuredmedia":[{"embeddable":true,"href":"https:\/\/www.lamm-enderbach.de\/startseite\/wp-json\/wp\/v2\/media\/11689"}],"wp:attachment":[{"href":"https:\/\/www.lamm-enderbach.de\/startseite\/wp-json\/wp\/v2\/media?parent=8754"}],"curies":[{"name":"wp","href":"https:\/\/api.w.org\/{rel}","templated":true}]}}